{"id":6,"date":"2024-06-12T15:23:13","date_gmt":"2024-06-12T13:23:13","guid":{"rendered":"https:\/\/laedennilauler.com\/mentions-legales\/"},"modified":"2025-11-14T17:47:44","modified_gmt":"2025-11-14T16:47:44","slug":"mentions-legales","status":"publish","type":"page","link":"https:\/\/lae-photos.com\/en\/mentions-legales\/","title":{"rendered":"Legals"},"content":{"rendered":"<p>Ces mentions l\u00e9gales se conforment \u00e0 la r\u00e9glementation en ce qui concerne les sites<br>web.<\/p>\n\n\n\n<h2 class=\"wp-block-heading\">Objet du site<\/h2>\n\n\n\n<p>Ce site web pr\u00e9sente les activit\u00e9s de Studio Lae<\/p>\n\n\n\n<h2 class=\"wp-block-heading\">\u00c9diteur du site<\/h2>\n\n\n\n<p><br>263 Rue de Juncassa, 31700 Beauzelle<br><a href=\"mailto:contact@lae-photos.com\">contact@lae-photos.com<\/a><\/p>\n\n\n\n<h2 class=\"wp-block-heading\">Mise en \u0153uvre<\/h2>\n\n\n\n<p>Aubin CORTACERO&nbsp;<a href=\"https:\/\/aubincortacero.fr\/\">https:\/\/aubincortacero.fr\/<\/a><br>Site web r\u00e9alis\u00e9 avec le CMS&nbsp;WordPress.<\/p>\n\n\n\n<h2 class=\"wp-block-heading\">Propri\u00e9t\u00e9 Intellectuelle<\/h2>\n\n\n\n<p>L\u2019int\u00e9gralit\u00e9 de ce site (comprenant images et textes) est prot\u00e9g\u00e9e par les lois fran\u00e7aises et internationales relatives aux droits d\u2019auteur et \u00e0 la propri\u00e9t\u00e9 intellectuelle. Tous les droits sont r\u00e9serv\u00e9s.<\/p>\n\n\n\n<p>Toute reproduction, repr\u00e9sentation, publication, transmission ou toute autre utilisation non autoris\u00e9e de ce site et\/ou de ses composantes engage votre responsabilit\u00e9 et peut entra\u00eener des actions en justice, y compris des poursuites pour violation des droits d\u2019auteur.<\/p>\n\n\n\n<p>En acceptant ces termes, vous reconnaissez explicitement que tous les \u00e9l\u00e9ments pr\u00e9sents sur ce site peuvent \u00eatre prot\u00e9g\u00e9s par des droits de propri\u00e9t\u00e9 intellectuelle au profit de Studio Lae.<\/p>\n\n\n\n<h2 class=\"wp-block-heading\">\u00c9tablissements de liens<\/h2>\n\n\n\n<p>Les utilisateurs et visiteurs du site Internet ne sont pas autoris\u00e9s \u00e0 \u00e9tablir un lien hypertexte vers ce site sans l\u2019autorisation expresse et pr\u00e9alable de Studio Lae. L\u2019\u00e9diteur d\u00e9cline toute responsabilit\u00e9 concernant les liens \u00e9tablis par d\u2019autres sites vers le sien. En aucun cas, cela ne peut \u00eatre interpr\u00e9t\u00e9 comme une validation des sites en question ou une approbation de leur contenu.<\/p>\n\n\n\n<h2 class=\"wp-block-heading\">Informations personnelles<\/h2>\n\n\n\n<p>Conform\u00e9ment \u00e0 la loi modifi\u00e9e du 6 janvier 1978 relative \u00e0 l\u2019Informatique et aux Libert\u00e9s, ainsi qu\u2019au R\u00e8glement G\u00e9n\u00e9ral sur la Protection des Donn\u00e9es, vous b\u00e9n\u00e9ficiez du droit d\u2019acc\u00e9der \u00e0 vos informations, de les questionner, de limiter leur traitement, de les transf\u00e9rer, de les supprimer, de les modifier et de les corriger. Vous avez \u00e9galement le droit de vous opposer au traitement de vos donn\u00e9es personnelles, ainsi que de vous opposer \u00e0 leur utilisation \u00e0 des fins de prospection commerciale. De plus, vous avez le droit d\u2019\u00e9tablir des directives g\u00e9n\u00e9rales et sp\u00e9cifiques concernant la mani\u00e8re dont vous souhaitez que ces droits soient exerc\u00e9s apr\u00e8s votre d\u00e9c\u00e8s.<\/p>\n\n\n\n<h2 class=\"wp-block-heading\">Cookies<\/h2>\n\n\n\n<p>Aucune donn\u00e9es n&rsquo;est divulgu\u00e9e ou transmise \u00e0 un organisme externe, l&rsquo;utilisation des informations personnelles ne sont utilis\u00e9es qu&rsquo;aux fin indiqu\u00e9es, soit : Etablir un contact avec le client.<\/p>\n\n\n\n<h2 class=\"wp-block-heading\">H\u00e9bergeur<\/h2>\n\n\n\n<p>Ce site est h\u00e9berg\u00e9 par IONOS, 7 Pl. de la Gare, 57200 Sarreguemines<\/p>","protected":false},"excerpt":{"rendered":"<p>Ces mentions l\u00e9gales se conforment \u00e0 la r\u00e9glementation en ce qui concerne les sitesweb. Objet du site Ce site web pr\u00e9sente les activit\u00e9s de Studio Lae \u00c9diteur du site 263 Rue de Juncassa, 31700 Beauzellecontact@lae-photos.com Mise en \u0153uvre Aubin CORTACERO&nbsp;https:\/\/aubincortacero.fr\/Site web r\u00e9alis\u00e9 avec le CMS&nbsp;WordPress. Propri\u00e9t\u00e9 Intellectuelle L\u2019int\u00e9gralit\u00e9 de ce site (comprenant images et textes) [&hellip;]<\/p>\n","protected":false},"author":1,"featured_media":0,"parent":0,"menu_order":0,"comment_status":"closed","ping_status":"closed","template":"template-mentions.php","meta":{"footnotes":""},"class_list":["post-6","page","type-page","status-publish","hentry"],"yoast_head":"<!-- This site is optimized with the Yoast SEO plugin v27.3 - https:\/\/yoast.com\/product\/yoast-seo-wordpress\/ -->\n<title>Mentions l\u00e9gales - Lae Photos<\/title>\n<meta name=\"robots\" content=\"noindex, nofollow\" \/>\n<meta property=\"og:locale\" content=\"en_US\" \/>\n<meta property=\"og:type\" content=\"article\" \/>\n<meta property=\"og:title\" content=\"Mentions l\u00e9gales - Lae Photos\" \/>\n<meta property=\"og:description\" content=\"Ces mentions l\u00e9gales se conforment \u00e0 la r\u00e9glementation en ce qui concerne les sitesweb. Objet du site Ce site web pr\u00e9sente les activit\u00e9s de Studio Lae \u00c9diteur du site 263 Rue de Juncassa, 31700 Beauzellecontact@lae-photos.com Mise en \u0153uvre Aubin CORTACERO&nbsp;https:\/\/aubincortacero.fr\/Site web r\u00e9alis\u00e9 avec le CMS&nbsp;WordPress. Propri\u00e9t\u00e9 Intellectuelle L\u2019int\u00e9gralit\u00e9 de ce site (comprenant images et textes) [&hellip;]\" \/>\n<meta property=\"og:url\" content=\"https:\/\/lae-photos.com\/en\/mentions-legales\/\" \/>\n<meta property=\"og:site_name\" content=\"Lae Photos\" \/>\n<meta property=\"article:modified_time\" content=\"2025-11-14T16:47:44+00:00\" \/>\n<meta name=\"twitter:card\" content=\"summary_large_image\" \/>\n<meta name=\"twitter:label1\" content=\"Est. reading time\" \/>\n\t<meta name=\"twitter:data1\" content=\"2 minutes\" \/>\n<script type=\"application\/ld+json\" class=\"yoast-schema-graph\">{\"@context\":\"https:\\\/\\\/schema.org\",\"@graph\":[{\"@type\":\"WebPage\",\"@id\":\"https:\\\/\\\/lae-photos.com\\\/mentions-legales\\\/\",\"url\":\"https:\\\/\\\/lae-photos.com\\\/mentions-legales\\\/\",\"name\":\"Mentions l\u00e9gales - Lae Photos\",\"isPartOf\":{\"@id\":\"https:\\\/\\\/lae-photos.com\\\/#website\"},\"datePublished\":\"2024-06-12T13:23:13+00:00\",\"dateModified\":\"2025-11-14T16:47:44+00:00\",\"breadcrumb\":{\"@id\":\"https:\\\/\\\/lae-photos.com\\\/mentions-legales\\\/#breadcrumb\"},\"inLanguage\":\"en-US\",\"potentialAction\":[{\"@type\":\"ReadAction\",\"target\":[\"https:\\\/\\\/lae-photos.com\\\/mentions-legales\\\/\"]}]},{\"@type\":\"BreadcrumbList\",\"@id\":\"https:\\\/\\\/lae-photos.com\\\/mentions-legales\\\/#breadcrumb\",\"itemListElement\":[{\"@type\":\"ListItem\",\"position\":1,\"name\":\"Accueil\",\"item\":\"https:\\\/\\\/lae-photos.com\\\/\"},{\"@type\":\"ListItem\",\"position\":2,\"name\":\"Mentions l\u00e9gales\"}]},{\"@type\":\"WebSite\",\"@id\":\"https:\\\/\\\/lae-photos.com\\\/#website\",\"url\":\"https:\\\/\\\/lae-photos.com\\\/\",\"name\":\"Lae Photos\",\"description\":\"Artiste Photographe\",\"potentialAction\":[{\"@type\":\"SearchAction\",\"target\":{\"@type\":\"EntryPoint\",\"urlTemplate\":\"https:\\\/\\\/lae-photos.com\\\/?s={search_term_string}\"},\"query-input\":{\"@type\":\"PropertyValueSpecification\",\"valueRequired\":true,\"valueName\":\"search_term_string\"}}],\"inLanguage\":\"en-US\"}]}<\/script>\n<!-- \/ Yoast SEO plugin. -->","yoast_head_json":{"title":"Mentions l\u00e9gales - Lae Photos","robots":{"index":"noindex","follow":"nofollow"},"og_locale":"en_US","og_type":"article","og_title":"Mentions l\u00e9gales - Lae Photos","og_description":"Ces mentions l\u00e9gales se conforment \u00e0 la r\u00e9glementation en ce qui concerne les sitesweb. Objet du site Ce site web pr\u00e9sente les activit\u00e9s de Studio Lae \u00c9diteur du site 263 Rue de Juncassa, 31700 Beauzellecontact@lae-photos.com Mise en \u0153uvre Aubin CORTACERO&nbsp;https:\/\/aubincortacero.fr\/Site web r\u00e9alis\u00e9 avec le CMS&nbsp;WordPress. Propri\u00e9t\u00e9 Intellectuelle L\u2019int\u00e9gralit\u00e9 de ce site (comprenant images et textes) [&hellip;]","og_url":"https:\/\/lae-photos.com\/en\/mentions-legales\/","og_site_name":"Lae Photos","article_modified_time":"2025-11-14T16:47:44+00:00","twitter_card":"summary_large_image","twitter_misc":{"Est. reading time":"2 minutes"},"schema":{"@context":"https:\/\/schema.org","@graph":[{"@type":"WebPage","@id":"https:\/\/lae-photos.com\/mentions-legales\/","url":"https:\/\/lae-photos.com\/mentions-legales\/","name":"Mentions l\u00e9gales - Lae Photos","isPartOf":{"@id":"https:\/\/lae-photos.com\/#website"},"datePublished":"2024-06-12T13:23:13+00:00","dateModified":"2025-11-14T16:47:44+00:00","breadcrumb":{"@id":"https:\/\/lae-photos.com\/mentions-legales\/#breadcrumb"},"inLanguage":"en-US","potentialAction":[{"@type":"ReadAction","target":["https:\/\/lae-photos.com\/mentions-legales\/"]}]},{"@type":"BreadcrumbList","@id":"https:\/\/lae-photos.com\/mentions-legales\/#breadcrumb","itemListElement":[{"@type":"ListItem","position":1,"name":"Accueil","item":"https:\/\/lae-photos.com\/"},{"@type":"ListItem","position":2,"name":"Mentions l\u00e9gales"}]},{"@type":"WebSite","@id":"https:\/\/lae-photos.com\/#website","url":"https:\/\/lae-photos.com\/","name":"Lae Photos","description":"Artiste Photographe","potentialAction":[{"@type":"SearchAction","target":{"@type":"EntryPoint","urlTemplate":"https:\/\/lae-photos.com\/?s={search_term_string}"},"query-input":{"@type":"PropertyValueSpecification","valueRequired":true,"valueName":"search_term_string"}}],"inLanguage":"en-US"}]}},"_links":{"self":[{"href":"https:\/\/lae-photos.com\/en\/wp-json\/wp\/v2\/pages\/6","targetHints":{"allow":["GET"]}}],"collection":[{"href":"https:\/\/lae-photos.com\/en\/wp-json\/wp\/v2\/pages"}],"about":[{"href":"https:\/\/lae-photos.com\/en\/wp-json\/wp\/v2\/types\/page"}],"author":[{"embeddable":true,"href":"https:\/\/lae-photos.com\/en\/wp-json\/wp\/v2\/users\/1"}],"replies":[{"embeddable":true,"href":"https:\/\/lae-photos.com\/en\/wp-json\/wp\/v2\/comments?post=6"}],"version-history":[{"count":4,"href":"https:\/\/lae-photos.com\/en\/wp-json\/wp\/v2\/pages\/6\/revisions"}],"predecessor-version":[{"id":1083,"href":"https:\/\/lae-photos.com\/en\/wp-json\/wp\/v2\/pages\/6\/revisions\/1083"}],"wp:attachment":[{"href":"https:\/\/lae-photos.com\/en\/wp-json\/wp\/v2\/media?parent=6"}],"curies":[{"name":"wp","href":"https:\/\/api.w.org\/{rel}","templated":true}]}}